{"id":422,"date":"2023-05-15T14:11:11","date_gmt":"2023-05-15T20:11:11","guid":{"rendered":"https:\/\/revistaaguaviva.com\/?page_id=422"},"modified":"2025-01-20T20:36:03","modified_gmt":"2025-01-21T02:36:03","slug":"contact","status":"publish","type":"page","link":"https:\/\/revistaaguaviva.com\/?page_id=422","title":{"rendered":"Contacto"},"content":{"rendered":"\t\t<div data-elementor-type=\"wp-page\" data-elementor-id=\"422\" class=\"elementor elementor-422\" data-elementor-post-type=\"page\">\n\t\t\t\t\t\t<section class=\"elementor-section elementor-top-section elementor-element elementor-element-4ad141d elementor-section-boxed elementor-section-height-default elementor-section-height-default\" data-id=\"4ad141d\" data-element_type=\"section\">\n\t\t\t\t\t\t<div class=\"elementor-container elementor-column-gap-default\">\n\t\t\t\t\t<div class=\"elementor-column elementor-col-100 elementor-top-column elementor-element elementor-element-9755d7f\" data-id=\"9755d7f\" data-element_type=\"column\">\n\t\t\t<div class=\"elementor-widget-wrap elementor-element-populated\">\n\t\t\t\t\t\t<div class=\"elementor-element elementor-element-076cc7b elementor-widget elementor-widget-spacer\" data-id=\"076cc7b\" data-element_type=\"widget\" data-widget_type=\"spacer.default\">\n\t\t\t\t<div class=\"elementor-widget-container\">\n\t\t\t\t\t\t\t<div class=\"elementor-spacer\">\n\t\t\t<div class=\"elementor-spacer-inner\"><\/div>\n\t\t<\/div>\n\t\t\t\t\t\t<\/div>\n\t\t\t\t<\/div>\n\t\t\t\t\t<\/div>\n\t\t<\/div>\n\t\t\t\t\t<\/div>\n\t\t<\/section>\n\t\t\t\t<section class=\"elementor-section elementor-top-section elementor-element elementor-element-127bd91 elementor-section-boxed elementor-section-height-default elementor-section-height-default\" data-id=\"127bd91\" data-element_type=\"section\">\n\t\t\t\t\t\t<div class=\"elementor-container elementor-column-gap-default\">\n\t\t\t\t\t<div class=\"elementor-column elementor-col-33 elementor-top-column elementor-element elementor-element-f04361a\" data-id=\"f04361a\" data-element_type=\"column\">\n\t\t\t<div class=\"elementor-widget-wrap elementor-element-populated\">\n\t\t\t\t\t\t<div class=\"elementor-element elementor-element-3fadea7 elementor-view-default elementor-widget elementor-widget-icon\" data-id=\"3fadea7\" data-element_type=\"widget\" data-widget_type=\"icon.default\">\n\t\t\t\t<div class=\"elementor-widget-container\">\n\t\t\t\t\t\t\t<div class=\"elementor-icon-wrapper\">\n\t\t\t<div class=\"elementor-icon\">\n\t\t\t<i aria-hidden=\"true\" class=\"fas fa-mail-bulk\"><\/i>\t\t\t<\/div>\n\t\t<\/div>\n\t\t\t\t\t\t<\/div>\n\t\t\t\t<\/div>\n\t\t\t\t\t<\/div>\n\t\t<\/div>\n\t\t\t\t<div class=\"elementor-column elementor-col-33 elementor-top-column elementor-element elementor-element-8bad094\" data-id=\"8bad094\" data-element_type=\"column\">\n\t\t\t<div class=\"elementor-widget-wrap elementor-element-populated\">\n\t\t\t\t\t\t<div class=\"elementor-element elementor-element-01c2f35 elementor-widget elementor-widget-heading\" data-id=\"01c2f35\" data-element_type=\"widget\" data-widget_type=\"heading.default\">\n\t\t\t\t<div class=\"elementor-widget-container\">\n\t\t\t\t\t<h4 class=\"elementor-heading-title elementor-size-default\">Ponte en contacto con nosotros.<\/h4>\t\t\t\t<\/div>\n\t\t\t\t<\/div>\n\t\t\t\t\t<\/div>\n\t\t<\/div>\n\t\t\t\t<div class=\"elementor-column elementor-col-33 elementor-top-column elementor-element elementor-element-4690839\" data-id=\"4690839\" data-element_type=\"column\">\n\t\t\t<div class=\"elementor-widget-wrap elementor-element-populated\">\n\t\t\t\t\t\t<div class=\"elementor-element elementor-element-435c368 elementor-widget elementor-widget-text-editor\" data-id=\"435c368\" data-element_type=\"widget\" data-widget_type=\"text-editor.default\">\n\t\t\t\t<div class=\"elementor-widget-container\">\n\t\t\t\t\t\t\t\t\t<h5><strong>Tel.<\/strong> 2228-7399<\/h5>\n<h5>5av. 15-45 zona 10, Centro Empresarial, Torre II, of. 404<\/h5>\n<h5>comentariosaguaviva@yahoo.com<\/h5>\n<div><strong>www.revistaaguaviva.com<\/strong><\/div>\t\t\t\t\t\t\t\t<\/div>\n\t\t\t\t<\/div>\n\t\t\t\t\t<\/div>\n\t\t<\/div>\n\t\t\t\t\t<\/div>\n\t\t<\/section>\n\t\t\t\t<section class=\"elementor-section elementor-top-section elementor-element elementor-element-2142709 elementor-section-boxed elementor-section-height-default elementor-section-height-default\" data-id=\"2142709\" data-element_type=\"section\">\n\t\t\t\t\t\t<div class=\"elementor-container elementor-column-gap-default\">\n\t\t\t\t\t<div class=\"elementor-column elementor-col-100 elementor-top-column elementor-element elementor-element-3b3b417\" data-id=\"3b3b417\" data-element_type=\"column\">\n\t\t\t<div class=\"elementor-widget-wrap elementor-element-populated\">\n\t\t\t\t\t\t<div class=\"elementor-element elementor-element-87fbf09 elementor-widget elementor-widget-google_maps\" data-id=\"87fbf09\" data-element_type=\"widget\" data-widget_type=\"google_maps.default\">\n\t\t\t\t<div class=\"elementor-widget-container\">\n\t\t\t\t\t\t\t<div class=\"elementor-custom-embed\">\n\t\t\t<iframe loading=\"lazy\"\n\t\t\t\t\tsrc=\"https:\/\/maps.google.com\/maps?q=Centro%20Empresarial%20zona%2010&#038;t=m&#038;z=12&#038;output=embed&#038;iwloc=near\"\n\t\t\t\t\ttitle=\"Centro Empresarial zona 10\"\n\t\t\t\t\taria-label=\"Centro Empresarial zona 10\"\n\t\t\t><\/iframe>\n\t\t<\/div>\n\t\t\t\t\t\t<\/div>\n\t\t\t\t<\/div>\n\t\t\t\t\t<\/div>\n\t\t<\/div>\n\t\t\t\t\t<\/div>\n\t\t<\/section>\n\t\t\t\t<section class=\"elementor-section elementor-top-section elementor-element elementor-element-d3f6c3f elementor-section-boxed elementor-section-height-default elementor-section-height-default\" data-id=\"d3f6c3f\" data-element_type=\"section\">\n\t\t\t\t\t\t<div class=\"elementor-container elementor-column-gap-default\">\n\t\t\t\t\t<div class=\"elementor-column elementor-col-100 elementor-top-column elementor-element elementor-element-2c430ab\" data-id=\"2c430ab\" data-element_type=\"column\">\n\t\t\t<div class=\"elementor-widget-wrap elementor-element-populated\">\n\t\t\t\t\t\t<div class=\"elementor-element elementor-element-909e8f3 elementor-widget elementor-widget-spacer\" data-id=\"909e8f3\" data-element_type=\"widget\" data-widget_type=\"spacer.default\">\n\t\t\t\t<div class=\"elementor-widget-container\">\n\t\t\t\t\t\t\t<div class=\"elementor-spacer\">\n\t\t\t<div class=\"elementor-spacer-inner\"><\/div>\n\t\t<\/div>\n\t\t\t\t\t\t<\/div>\n\t\t\t\t<\/div>\n\t\t\t\t\t<\/div>\n\t\t<\/div>\n\t\t\t\t\t<\/div>\n\t\t<\/section>\n\t\t\t\t<\/div>\n\t\t","protected":false},"excerpt":{"rendered":"<p>Ponte en contacto con nosotros. Tel. 2228-7399 5av. 15-45 zona 10, Centro Empresarial, Torre II, of. 404 comentariosaguaviva@yahoo.com www.revistaaguaviva.com<\/p>\n","protected":false},"author":2,"featured_media":427,"parent":0,"menu_order":0,"comment_status":"closed","ping_status":"closed","template":"elementor_header_footer","meta":{"_themeisle_gutenberg_block_has_review":false,"footnotes":""},"class_list":["post-422","page","type-page","status-publish","has-post-thumbnail","hentry"],"yoast_head":"<!-- This site is optimized with the Yoast SEO plugin v27.3 - https:\/\/yoast.com\/product\/yoast-seo-wordpress\/ -->\n<title>Contacto - Revista Agua Viva<\/title>\n<meta name=\"robots\" content=\"index, follow, max-snippet:-1, max-image-preview:large, max-video-preview:-1\" \/>\n<link rel=\"canonical\" href=\"https:\/\/revistaaguaviva.com\/?page_id=422\" \/>\n<meta property=\"og:locale\" content=\"en_US\" \/>\n<meta property=\"og:type\" content=\"article\" \/>\n<meta property=\"og:title\" content=\"Contacto - Revista Agua Viva\" \/>\n<meta property=\"og:description\" content=\"Ponte en contacto con nosotros. Tel. 2228-7399 5av. 15-45 zona 10, Centro Empresarial, Torre II, of. 404 comentariosaguaviva@yahoo.com www.revistaaguaviva.com\" \/>\n<meta property=\"og:url\" content=\"https:\/\/revistaaguaviva.com\/?page_id=422\" \/>\n<meta property=\"og:site_name\" content=\"Revista Agua Viva\" \/>\n<meta property=\"article:publisher\" content=\"https:\/\/www.facebook.com\/revistaaguaviva\" \/>\n<meta property=\"article:modified_time\" content=\"2025-01-21T02:36:03+00:00\" \/>\n<meta property=\"og:image\" content=\"https:\/\/revistaaguaviva.com\/wp-content\/uploads\/2023\/05\/Contact-Us.jpg\" \/>\n\t<meta property=\"og:image:width\" content=\"400\" \/>\n\t<meta property=\"og:image:height\" content=\"380\" \/>\n\t<meta property=\"og:image:type\" content=\"image\/jpeg\" \/>\n<meta name=\"twitter:card\" content=\"summary_large_image\" \/>\n<meta name=\"twitter:site\" content=\"@RevistaAguaViva\" \/>\n<script type=\"application\/ld+json\" class=\"yoast-schema-graph\">{\"@context\":\"https:\\\/\\\/schema.org\",\"@graph\":[{\"@type\":\"WebPage\",\"@id\":\"https:\\\/\\\/revistaaguaviva.com\\\/?page_id=422\",\"url\":\"https:\\\/\\\/revistaaguaviva.com\\\/?page_id=422\",\"name\":\"Contacto - Revista Agua Viva\",\"isPartOf\":{\"@id\":\"https:\\\/\\\/revistaaguaviva.com\\\/#website\"},\"primaryImageOfPage\":{\"@id\":\"https:\\\/\\\/revistaaguaviva.com\\\/?page_id=422#primaryimage\"},\"image\":{\"@id\":\"https:\\\/\\\/revistaaguaviva.com\\\/?page_id=422#primaryimage\"},\"thumbnailUrl\":\"https:\\\/\\\/revistaaguaviva.com\\\/wp-content\\\/uploads\\\/2023\\\/05\\\/Contact-Us.jpg\",\"datePublished\":\"2023-05-15T20:11:11+00:00\",\"dateModified\":\"2025-01-21T02:36:03+00:00\",\"breadcrumb\":{\"@id\":\"https:\\\/\\\/revistaaguaviva.com\\\/?page_id=422#breadcrumb\"},\"inLanguage\":\"en-US\",\"potentialAction\":[{\"@type\":\"ReadAction\",\"target\":[\"https:\\\/\\\/revistaaguaviva.com\\\/?page_id=422\"]}]},{\"@type\":\"ImageObject\",\"inLanguage\":\"en-US\",\"@id\":\"https:\\\/\\\/revistaaguaviva.com\\\/?page_id=422#primaryimage\",\"url\":\"https:\\\/\\\/revistaaguaviva.com\\\/wp-content\\\/uploads\\\/2023\\\/05\\\/Contact-Us.jpg\",\"contentUrl\":\"https:\\\/\\\/revistaaguaviva.com\\\/wp-content\\\/uploads\\\/2023\\\/05\\\/Contact-Us.jpg\",\"width\":400,\"height\":380},{\"@type\":\"BreadcrumbList\",\"@id\":\"https:\\\/\\\/revistaaguaviva.com\\\/?page_id=422#breadcrumb\",\"itemListElement\":[{\"@type\":\"ListItem\",\"position\":1,\"name\":\"Home\",\"item\":\"https:\\\/\\\/revistaaguaviva.com\\\/\"},{\"@type\":\"ListItem\",\"position\":2,\"name\":\"Contacto\"}]},{\"@type\":\"WebSite\",\"@id\":\"https:\\\/\\\/revistaaguaviva.com\\\/#website\",\"url\":\"https:\\\/\\\/revistaaguaviva.com\\\/\",\"name\":\"Revista Agua Viva\",\"description\":\"Revista Agua Viva es una publicaci\u00f3n que busca ayudar a las personas a crecer en su fe y en su relaci\u00f3n con Dios a trav\u00e9s de art\u00edculos sobre oraci\u00f3n, ense\u00f1anzas b\u00edblicas, vida cristiana y testimonios personales. Su objetivo es ofrecer un contenido inspirador que promueve la reflexi\u00f3n, la oraci\u00f3n y la comunidad, logrando que los lectores puedan renovarse espiritualmente y profundizar su relaci\u00f3n con Dios. La revista busca brindar esperanza y aliento a aquellos que buscan crecer en su relaci\u00f3n con Dios y encontrar un sentido y prop\u00f3sito en sus vidas.\",\"publisher\":{\"@id\":\"https:\\\/\\\/revistaaguaviva.com\\\/#organization\"},\"potentialAction\":[{\"@type\":\"SearchAction\",\"target\":{\"@type\":\"EntryPoint\",\"urlTemplate\":\"https:\\\/\\\/revistaaguaviva.com\\\/?s={search_term_string}\"},\"query-input\":{\"@type\":\"PropertyValueSpecification\",\"valueRequired\":true,\"valueName\":\"search_term_string\"}}],\"inLanguage\":\"en-US\"},{\"@type\":\"Organization\",\"@id\":\"https:\\\/\\\/revistaaguaviva.com\\\/#organization\",\"name\":\"Revista Agua viva\",\"alternateName\":\"Revista Agua viva\",\"url\":\"https:\\\/\\\/revistaaguaviva.com\\\/\",\"logo\":{\"@type\":\"ImageObject\",\"inLanguage\":\"en-US\",\"@id\":\"https:\\\/\\\/revistaaguaviva.com\\\/#\\\/schema\\\/logo\\\/image\\\/\",\"url\":\"https:\\\/\\\/revistaaguaviva.com\\\/wp-content\\\/uploads\\\/2025\\\/01\\\/43199497_2046385105382662_919401194965696512_n.jpg\",\"contentUrl\":\"https:\\\/\\\/revistaaguaviva.com\\\/wp-content\\\/uploads\\\/2025\\\/01\\\/43199497_2046385105382662_919401194965696512_n.jpg\",\"width\":960,\"height\":960,\"caption\":\"Revista Agua viva\"},\"image\":{\"@id\":\"https:\\\/\\\/revistaaguaviva.com\\\/#\\\/schema\\\/logo\\\/image\\\/\"},\"sameAs\":[\"https:\\\/\\\/www.facebook.com\\\/revistaaguaviva\",\"https:\\\/\\\/x.com\\\/RevistaAguaViva\"]}]}<\/script>\n<!-- \/ Yoast SEO plugin. -->","yoast_head_json":{"title":"Contacto - Revista Agua Viva","robots":{"index":"index","follow":"follow","max-snippet":"max-snippet:-1","max-image-preview":"max-image-preview:large","max-video-preview":"max-video-preview:-1"},"canonical":"https:\/\/revistaaguaviva.com\/?page_id=422","og_locale":"en_US","og_type":"article","og_title":"Contacto - Revista Agua Viva","og_description":"Ponte en contacto con nosotros. Tel. 2228-7399 5av. 15-45 zona 10, Centro Empresarial, Torre II, of. 404 comentariosaguaviva@yahoo.com www.revistaaguaviva.com","og_url":"https:\/\/revistaaguaviva.com\/?page_id=422","og_site_name":"Revista Agua Viva","article_publisher":"https:\/\/www.facebook.com\/revistaaguaviva","article_modified_time":"2025-01-21T02:36:03+00:00","og_image":[{"width":400,"height":380,"url":"https:\/\/revistaaguaviva.com\/wp-content\/uploads\/2023\/05\/Contact-Us.jpg","type":"image\/jpeg"}],"twitter_card":"summary_large_image","twitter_site":"@RevistaAguaViva","schema":{"@context":"https:\/\/schema.org","@graph":[{"@type":"WebPage","@id":"https:\/\/revistaaguaviva.com\/?page_id=422","url":"https:\/\/revistaaguaviva.com\/?page_id=422","name":"Contacto - Revista Agua Viva","isPartOf":{"@id":"https:\/\/revistaaguaviva.com\/#website"},"primaryImageOfPage":{"@id":"https:\/\/revistaaguaviva.com\/?page_id=422#primaryimage"},"image":{"@id":"https:\/\/revistaaguaviva.com\/?page_id=422#primaryimage"},"thumbnailUrl":"https:\/\/revistaaguaviva.com\/wp-content\/uploads\/2023\/05\/Contact-Us.jpg","datePublished":"2023-05-15T20:11:11+00:00","dateModified":"2025-01-21T02:36:03+00:00","breadcrumb":{"@id":"https:\/\/revistaaguaviva.com\/?page_id=422#breadcrumb"},"inLanguage":"en-US","potentialAction":[{"@type":"ReadAction","target":["https:\/\/revistaaguaviva.com\/?page_id=422"]}]},{"@type":"ImageObject","inLanguage":"en-US","@id":"https:\/\/revistaaguaviva.com\/?page_id=422#primaryimage","url":"https:\/\/revistaaguaviva.com\/wp-content\/uploads\/2023\/05\/Contact-Us.jpg","contentUrl":"https:\/\/revistaaguaviva.com\/wp-content\/uploads\/2023\/05\/Contact-Us.jpg","width":400,"height":380},{"@type":"BreadcrumbList","@id":"https:\/\/revistaaguaviva.com\/?page_id=422#breadcrumb","itemListElement":[{"@type":"ListItem","position":1,"name":"Home","item":"https:\/\/revistaaguaviva.com\/"},{"@type":"ListItem","position":2,"name":"Contacto"}]},{"@type":"WebSite","@id":"https:\/\/revistaaguaviva.com\/#website","url":"https:\/\/revistaaguaviva.com\/","name":"Revista Agua Viva","description":"Revista Agua Viva es una publicaci\u00f3n que busca ayudar a las personas a crecer en su fe y en su relaci\u00f3n con Dios a trav\u00e9s de art\u00edculos sobre oraci\u00f3n, ense\u00f1anzas b\u00edblicas, vida cristiana y testimonios personales. Su objetivo es ofrecer un contenido inspirador que promueve la reflexi\u00f3n, la oraci\u00f3n y la comunidad, logrando que los lectores puedan renovarse espiritualmente y profundizar su relaci\u00f3n con Dios. La revista busca brindar esperanza y aliento a aquellos que buscan crecer en su relaci\u00f3n con Dios y encontrar un sentido y prop\u00f3sito en sus vidas.","publisher":{"@id":"https:\/\/revistaaguaviva.com\/#organization"},"potentialAction":[{"@type":"SearchAction","target":{"@type":"EntryPoint","urlTemplate":"https:\/\/revistaaguaviva.com\/?s={search_term_string}"},"query-input":{"@type":"PropertyValueSpecification","valueRequired":true,"valueName":"search_term_string"}}],"inLanguage":"en-US"},{"@type":"Organization","@id":"https:\/\/revistaaguaviva.com\/#organization","name":"Revista Agua viva","alternateName":"Revista Agua viva","url":"https:\/\/revistaaguaviva.com\/","logo":{"@type":"ImageObject","inLanguage":"en-US","@id":"https:\/\/revistaaguaviva.com\/#\/schema\/logo\/image\/","url":"https:\/\/revistaaguaviva.com\/wp-content\/uploads\/2025\/01\/43199497_2046385105382662_919401194965696512_n.jpg","contentUrl":"https:\/\/revistaaguaviva.com\/wp-content\/uploads\/2025\/01\/43199497_2046385105382662_919401194965696512_n.jpg","width":960,"height":960,"caption":"Revista Agua viva"},"image":{"@id":"https:\/\/revistaaguaviva.com\/#\/schema\/logo\/image\/"},"sameAs":["https:\/\/www.facebook.com\/revistaaguaviva","https:\/\/x.com\/RevistaAguaViva"]}]}},"_links":{"self":[{"href":"https:\/\/revistaaguaviva.com\/index.php?rest_route=\/wp\/v2\/pages\/422","targetHints":{"allow":["GET"]}}],"collection":[{"href":"https:\/\/revistaaguaviva.com\/index.php?rest_route=\/wp\/v2\/pages"}],"about":[{"href":"https:\/\/revistaaguaviva.com\/index.php?rest_route=\/wp\/v2\/types\/page"}],"author":[{"embeddable":true,"href":"https:\/\/revistaaguaviva.com\/index.php?rest_route=\/wp\/v2\/users\/2"}],"replies":[{"embeddable":true,"href":"https:\/\/revistaaguaviva.com\/index.php?rest_route=%2Fwp%2Fv2%2Fcomments&post=422"}],"version-history":[{"count":32,"href":"https:\/\/revistaaguaviva.com\/index.php?rest_route=\/wp\/v2\/pages\/422\/revisions"}],"predecessor-version":[{"id":1808,"href":"https:\/\/revistaaguaviva.com\/index.php?rest_route=\/wp\/v2\/pages\/422\/revisions\/1808"}],"wp:featuredmedia":[{"embeddable":true,"href":"https:\/\/revistaaguaviva.com\/index.php?rest_route=\/wp\/v2\/media\/427"}],"wp:attachment":[{"href":"https:\/\/revistaaguaviva.com\/index.php?rest_route=%2Fwp%2Fv2%2Fmedia&parent=422"}],"curies":[{"name":"wp","href":"https:\/\/api.w.org\/{rel}","templated":true}]}}